{"id":21537,"date":"2026-03-24T11:06:33","date_gmt":"2026-03-24T10:06:33","guid":{"rendered":"https:\/\/vigvintagewholesale.com\/?post_type=product&#038;p=21537"},"modified":"2026-03-31T15:49:02","modified_gmt":"2026-03-31T13:49:02","slug":"gobik-culotte-corto-hombre-lancer-black","status":"publish","type":"product","link":"https:\/\/vigvintagewholesale.com\/en\/product\/gobik-culotte-corto-hombre-lancer-black\/","title":{"rendered":"Pack Mix Sudaderas Marca"},"content":{"rendered":"<p data-start=\"232\" data-end=\"416\">Lote de <strong data-start=\"240\" data-end=\"279\">[TIPO DE PRENDA] vintage originales<\/strong>, disponible por unidades, que incluye una <strong>selecci\u00f3n variada de piezas con estilo actual y alta demanda<\/strong> dentro del mercado second hand.<\/p>\n<p data-start=\"418\" data-end=\"627\">En este tipo de packs podr\u00e1s encontrar prendas de marcas reconocidas como <strong data-start=\"492\" data-end=\"504\">[MARCAS]<\/strong>, entre otras, combinando dise\u00f1os con logo, b\u00e1sicos y piezas m\u00e1s llamativas para aportar variedad y atractivo a tu stock.<\/p>\n<p data-start=\"629\" data-end=\"829\">La selecci\u00f3n est\u00e1 enfocada en ofrecer producto con buena presencia: prendas con car\u00e1cter, en buen estado general y con potencial de venta tanto en tienda f\u00edsica como en plataformas online.<\/p>\n<p data-start=\"831\" data-end=\"947\"><strong>\u2705 Prendas vintage originales.<\/strong><br data-start=\"859\" data-end=\"862\" \/><strong>\u2705 Variedad de estilos y marcas reconocidas.<\/strong><br data-start=\"904\" data-end=\"907\" \/><strong>\u2705 Producto con alta demanda en reventa.<\/strong><\/p>\n<p data-start=\"949\" data-end=\"1093\">Un formato pensado para incorporar a tu cat\u00e1logo piezas que funcionan y <strong>conectar con un p\u00fablico que busca marcas, autenticidad y estilo.<\/strong><\/p>\n","protected":false},"excerpt":{"rendered":"<p>Lote de [TIPO DE PRENDA] vintage originales, disponible por unidades, que incluye una selecci\u00f3n variada de piezas con estilo actual y alta demanda dentro del mercado second hand. En este tipo de packs podr\u00e1s encontrar prendas de marcas reconocidas como [MARCAS], entre otras, combinando dise\u00f1os con logo, b\u00e1sicos y piezas m\u00e1s llamativas para aportar variedad y atractivo a tu stock. La selecci\u00f3n est\u00e1 enfocada en ofrecer producto con buena presencia: prendas con car\u00e1cter, en buen estado general y con potencial de venta tanto en tienda f\u00edsica como en plataformas online. \u2705 Prendas vintage originales.\u2705 Variedad de estilos y marcas reconocidas.\u2705 Producto con alta demanda en reventa. Un formato pensado para incorporar a tu cat\u00e1logo piezas que funcionan y conectar con un p\u00fablico que busca marcas, autenticidad y estilo.<\/p>\n","protected":false},"featured_media":26324,"comment_status":"open","ping_status":"closed","template":"","meta":[],"product_brand":[],"product_cat":[190,191],"product_tag":[],"class_list":{"0":"post-21537","1":"product","2":"type-product","3":"status-publish","4":"has-post-thumbnail","6":"product_cat-lotes-revendedores-vintage-marca-vinted-etsy","7":"product_cat-lote-revendedores-mix","9":"first","10":"instock","11":"sale","12":"shipping-taxable","13":"purchasable","14":"product-type-variable","15":"has-default-attributes"},"_links":{"self":[{"href":"https:\/\/vigvintagewholesale.com\/en\/wp-json\/wp\/v2\/product\/21537","targetHints":{"allow":["GET"]}}],"collection":[{"href":"https:\/\/vigvintagewholesale.com\/en\/wp-json\/wp\/v2\/product"}],"about":[{"href":"https:\/\/vigvintagewholesale.com\/en\/wp-json\/wp\/v2\/types\/product"}],"replies":[{"embeddable":true,"href":"https:\/\/vigvintagewholesale.com\/en\/wp-json\/wp\/v2\/comments?post=21537"}],"version-history":[{"count":5,"href":"https:\/\/vigvintagewholesale.com\/en\/wp-json\/wp\/v2\/product\/21537\/revisions"}],"predecessor-version":[{"id":26333,"href":"https:\/\/vigvintagewholesale.com\/en\/wp-json\/wp\/v2\/product\/21537\/revisions\/26333"}],"wp:featuredmedia":[{"embeddable":true,"href":"https:\/\/vigvintagewholesale.com\/en\/wp-json\/wp\/v2\/media\/26324"}],"wp:attachment":[{"href":"https:\/\/vigvintagewholesale.com\/en\/wp-json\/wp\/v2\/media?parent=21537"}],"wp:term":[{"taxonomy":"product_brand","embeddable":true,"href":"https:\/\/vigvintagewholesale.com\/en\/wp-json\/wp\/v2\/product_brand?post=21537"},{"taxonomy":"product_cat","embeddable":true,"href":"https:\/\/vigvintagewholesale.com\/en\/wp-json\/wp\/v2\/product_cat?post=21537"},{"taxonomy":"product_tag","embeddable":true,"href":"https:\/\/vigvintagewholesale.com\/en\/wp-json\/wp\/v2\/product_tag?post=21537"}],"curies":[{"name":"wp","href":"https:\/\/api.w.org\/{rel}","templated":true}]}}